{"id":3,"date":"2024-09-23T09:31:45","date_gmt":"2024-09-23T09:31:45","guid":{"rendered":"http:\/\/wavesense-dd.de\/?page_id=3"},"modified":"2024-10-23T13:52:13","modified_gmt":"2024-10-23T13:52:13","slug":"privacy-policy","status":"publish","type":"page","link":"https:\/\/wavesense-dd.de\/de\/privacy-policy\/","title":{"rendered":"Datenschutz"},"content":{"rendered":"<div data-elementor-type=\"wp-page\" data-elementor-id=\"3\" class=\"elementor elementor-3\" data-elementor-post-type=\"page\">\n\t\t\t\t<div class=\"elementor-element elementor-element-f32285a e-flex e-con-boxed e-con e-parent\" data-id=\"f32285a\" data-element_type=\"container\" data-e-type=\"container\">\n\t\t\t\t\t<div class=\"e-con-inner\">\n\t\t\t\t<div class=\"elementor-element elementor-element-d6f067b elementor-widget elementor-widget-heading\" data-id=\"d6f067b\" data-element_type=\"widget\" data-e-type=\"widget\" data-widget_type=\"heading.default\">\n\t\t\t\t<div class=\"elementor-widget-container\">\n\t\t\t\t\t<h2 class=\"elementor-heading-title elementor-size-default\">Datenschutz<\/h2>\t\t\t\t<\/div>\n\t\t\t\t<\/div>\n\t\t\t\t<div class=\"elementor-element elementor-element-7084026b elementor-widget elementor-widget-text-editor\" data-id=\"7084026b\" data-element_type=\"widget\" data-e-type=\"widget\" data-widget_type=\"text-editor.default\">\n\t\t\t\t<div class=\"elementor-widget-container\">\n\t\t\t\t\t\t\t\t\t<h2>Allgemein<\/h2><p>Als Betreiber dieser Website und als Unternehmen kommen wir mit Ihren personenbezogenen Daten in Kontakt. Dies betrifft alle Daten, die etwas \u00fcber Sie preisgeben und anhand derer Sie identifiziert werden k\u00f6nnen. In dieser Datenschutzerkl\u00e4rung m\u00f6chten wir Sie dar\u00fcber informieren, wie, zu welchem Zweck und auf welcher Rechtsgrundlage wir Ihre Daten verarbeiten<\/p><p>Verantwortlich f\u00fcr die Datenverarbeitung (\"Verantwortlicher\") auf dieser Website und in unserem Unternehmen ist:<\/p><p>Dr.-Ing. Reinhold Herschel<\/p><p>Wavesense Dresden GmbH<\/p><p>Zwickauer Stra\u00dfe 46<\/p><p>01069 Dresden<\/p><p>E-mail: reinhold.herschel(at)wavesense-dd.de<\/p><h2>Allgemeine Informationen<\/h2><div><h3>SSL- oder TLS-Verschl\u00fcsselung<\/h3><p>Wenn Sie Ihre Daten auf Websites eingeben, Online-Bestellungen aufgeben oder E-Mails \u00fcber das Internet versenden, m\u00fcssen Sie immer damit rechnen, dass unbefugte Dritte auf Ihre Daten zugreifen. Einen vollst\u00e4ndigen Schutz vor einem solchen Zugriff gibt es nicht. Wir bem\u00fchen uns jedoch, Ihre Daten bestm\u00f6glich zu sch\u00fctzen und Sicherheitsl\u00fccken so weit wie m\u00f6glich zu schlie\u00dfen.<\/p><p>Ein wichtiger Schutzmechanismus ist die SSL- bzw. TLS-Verschl\u00fcsselung unserer Website, die sicherstellt, dass die von Ihnen an uns \u00fcbermittelten Daten nicht von Dritten gelesen werden k\u00f6nnen. Sie erkennen die Verschl\u00fcsselung an dem Schloss-Symbol vor der in Ihrem Browser eingegebenen Internetadresse und daran, dass unsere Internetadresse mit https:\/\/ und nicht mit http:\/\/ beginnt.<\/p><\/div><div><h3>Verschl\u00fcsselter Zahlungsverkehr<\/h3><p>Zahlungsdaten, wie Konto- oder Kreditkartennummern, bed\u00fcrfen eines besonderen Schutzes. Aus diesem Grund werden Zahlungstransaktionen mit den g\u00e4ngigsten Zahlungsmitteln ausschlie\u00dflich \u00fcber eine verschl\u00fcsselte SSL- oder TLS-Verbindung abgewickelt.<\/p><\/div><h3>Wie lange speichern wir Ihre Daten?<\/h3><p>An einigen Stellen in dieser Datenschutzerkl\u00e4rung informieren wir Sie dar\u00fcber, wie lange wir oder die Unternehmen, die Ihre Daten in unserem Auftrag verarbeiten, Ihre Daten speichern. Fehlen solche Angaben, speichern wir Ihre Daten so lange, bis der Zweck der Datenverarbeitung entf\u00e4llt, Sie der Datenverarbeitung widersprechen oder Sie Ihre Einwilligung zur Datenverarbeitung widerrufen.<\/p><p>Im Falle eines Widerspruchs oder Widerrufs d\u00fcrfen wir Ihre Daten jedoch weiter verarbeiten, wenn mindestens eine der folgenden Bedingungen zutrifft:<\/p><ul><li>Wir haben zwingende legitime Gr\u00fcnde f\u00fcr die weitere Verarbeitung der Daten, die Ihre Interessen, Rechte und Freiheiten \u00fcberwiegen (gilt nur f\u00fcr den Fall eines Widerspruchs gegen die Datenverarbeitung; wenn sich der Widerspruch gegen Direktmarketing richtet, k\u00f6nnen wir keine legitimen Gr\u00fcnde anf\u00fchren).<\/li><li>Die Datenverarbeitung ist zur Geltendmachung, Aus\u00fcbung oder Verteidigung von Rechtsanspr\u00fcchen erforderlich (gilt nicht, wenn sich Ihr Widerspruch gegen Direktwerbung richtet).<\/li><li>Wir sind gesetzlich verpflichtet, Ihre Daten aufzubewahren.<\/li><\/ul><p>In diesem Fall werden wir Ihre Daten l\u00f6schen, sobald die Voraussetzungen nicht mehr gegeben sind.<\/p><h2>Ihre Rechte<\/h2><h3>Einspruch gegen die Datenverarbeitung<\/h3><p>WENN IN DIESER DATENSCHUTZERKL\u00c4RUNG ANGEGEBEN IST, DASS WIR EIN BERECHTIGTES INTERESSE AN DER VERARBEITUNG IHRER DATEN HABEN UND DASS DIESE VERARBEITUNG DAHER AUF ART. 6 ABS. 1 SATZ 1 LIT. F) DSGVO BERUHT, HABEN SIE EIN WIDERSPRUCHSRECHT GEM. ART. 21 DSGVO DIES GILT AUCH F\u00dcR EIN AUF DIESE BESTIMMUNG GEST\u00dcTZTES PROFILING. VORAUSSETZUNG IST, DASS SIE GR\u00dcNDE F\u00dcR DEN WIDERSPRUCH ANGEBEN, DIE SICH AUS IHRER BESONDEREN SITUATION ERGEBEN. KEINE BEGR\u00dcNDUNG IST ERFORDERLICH, WENN SICH DER WIDERSPRUCH GEGEN DIE NUTZUNG IHRER DATEN F\u00dcR DIREKTWERBUNG RICHTET.<\/p><p>DIE FOLGE DES WIDERSPRUCHS IST, DASS WIR IHRE DATEN NICHT MEHR VERARBEITEN D\u00dcRFEN. DIES GILT NUR DANN NICHT, WENN EINE DER FOLGENDEN VORAUSSETZUNGEN VORLIEGT:<\/p><ul><li>WIR K\u00d6NNEN ZWINGENDE BERECHTIGTE GR\u00dcNDE F\u00dcR DIE VERARBEITUNG NACHWEISEN, DIE IHRE INTERESSEN, RECHTE UND FREIHEITEN \u00dcBERWIEGEN.<\/li><li>DIE VERARBEITUNG IST ZUR GELTENDMACHUNG, AUS\u00dcBUNG ODER VERTEIDIGUNG VON RECHTSANSPR\u00dcCHEN ERFORDERLICH.<\/li><\/ul><p>DIESE AUSNAHMEN GELTEN NICHT, WENN SICH IHR WIDERSPRUCH GEGEN DIE VERWENDUNG IHRER DATEN F\u00dcR DIREKTWERBUNG ODER GEGEN EIN DAMIT VERBUNDENES PROFILING RICHTET.<\/p><h3>Weitere Rechte<\/h3><h4>Widerruf der Zustimmung zur Datenverarbeitung<\/h4><p>Viele Datenverarbeitungsvorg\u00e4nge beruhen auf Ihrer Einwilligung. Sie k\u00f6nnen diese Einwilligung beispielsweise erteilen, indem Sie das entsprechende K\u00e4stchen in Online-Formularen ankreuzen, bevor Sie das Formular absenden, oder indem Sie die Verwendung bestimmter Cookies zulassen, wenn Sie unsere Website besuchen. Sie k\u00f6nnen Ihre Einwilligung jederzeit ohne Angabe von Gr\u00fcnden widerrufen (Art. 7 (3) DSGVO). Ab dem Zeitpunkt des Widerrufs d\u00fcrfen wir Ihre Daten dann nicht mehr verarbeiten. Einzige Ausnahme: Wir sind gesetzlich verpflichtet, die Daten f\u00fcr einen bestimmten Zeitraum aufzubewahren. Solche Aufbewahrungsfristen gibt es insbesondere im Steuer- und Handelsrecht.<\/p><h4>Recht auf Beschwerde bei der zust\u00e4ndigen Aufsichtsbeh\u00f6rde<\/h4><p>Wenn Sie der Meinung sind, dass wir gegen die Datenschutzgrundverordnung (DSGVO) versto\u00dfen, haben Sie das Recht, sich bei einer Aufsichtsbeh\u00f6rde gem\u00e4\u00df Art. 77 DSGVO. Sie k\u00f6nnen sich an eine Aufsichtsbeh\u00f6rde in dem Mitgliedstaat Ihres Wohnsitzes, Ihres Arbeitsplatzes oder des Ortes, an dem der mutma\u00dfliche Versto\u00df stattgefunden hat, wenden. Das Beschwerderecht besteht neben den verwaltungsrechtlichen und gerichtlichen Rechtsbehelfen.<\/p><h4>Recht auf Daten\u00fcbertragbarkeit<\/h4><p>Daten, die wir aufgrund Ihrer Einwilligung oder in Erf\u00fcllung eines Vertrages automatisiert verarbeiten, m\u00fcssen wir Ihnen oder einem Dritten in einem g\u00e4ngigen maschinenlesbaren Format aush\u00e4ndigen, wenn Sie dies verlangen. Wir k\u00f6nnen die Daten nur dann an einen anderen \u201ef\u00fcr die Verarbeitung Verantwortlichen\u201c \u00fcbermitteln, wenn dies technisch m\u00f6glich ist.<\/p><h4>Recht auf Auskunft, L\u00f6schung und Berichtigung von Daten<\/h4><p>Nach Art. 15 DSGVO haben Sie das Recht, unentgeltlich Auskunft dar\u00fcber zu erhalten, welche Ihrer personenbezogenen Daten wir gespeichert haben, woher die Daten stammen, an wen wir sie \u00fcbermitteln und zu welchem Zweck sie gespeichert werden. Sind die Daten unrichtig, haben Sie ein Recht auf Berichtigung (Art. 16 DSGVO), und unter den Voraussetzungen des Art. 17 DSGVO k\u00f6nnen Sie verlangen, dass wir die Daten l\u00f6schen.<\/p><h4>Recht auf Einschr\u00e4nkung der Verarbeitung<\/h4><p>In bestimmten Situationen k\u00f6nnen Sie gem\u00e4\u00df Art. 18 DSGVO k\u00f6nnen Sie verlangen, dass wir die Verarbeitung Ihrer Daten einschr\u00e4nken. Die Daten d\u00fcrfen dann - abgesehen von der Speicherung - nur wie folgt verarbeitet werden:<\/p><ul><li>mit ihrer Zustimmung<\/li><li>zur Geltendmachung, Aus\u00fcbung oder Verteidigung von Rechtsanspr\u00fcchen<\/li><li>um die Rechte einer anderen nat\u00fcrlichen oder juristischen Person zu sch\u00fctzen<\/li><li>aus Gr\u00fcnden eines wichtigen \u00f6ffentlichen Interesses der Europ\u00e4ischen Union oder eines Mitgliedstaates derselben.<\/li><\/ul><p>Das Recht auf Einschr\u00e4nkung der Verarbeitung besteht in den folgenden F\u00e4llen:<\/p><ul><li>Sie haben die Richtigkeit Ihrer bei uns gespeicherten personenbezogenen Daten bestritten und wir ben\u00f6tigen Zeit, um dies zu \u00fcberpr\u00fcfen. Das Recht besteht f\u00fcr die Dauer der \u00dcberpr\u00fcfung.<\/li><li>Die Verarbeitung Ihrer personenbezogenen Daten ist unrechtm\u00e4\u00dfig oder war in der Vergangenheit unrechtm\u00e4\u00dfig. Es besteht alternativ das Recht auf die L\u00f6schung der Daten.<\/li><li>Wir ben\u00f6tigen Ihre personenbezogenen Daten nicht mehr, Sie ben\u00f6tigen sie aber zur Aus\u00fcbung, Verteidigung oder Geltendmachung von Rechtsanspr\u00fcchen. Es besteht alternativ das Recht auf die L\u00f6schung der Daten.<\/li><li>You have filed an objection pursuant to Art. 21 (1) GDPR and now your interests and our interests must be weighed against each other. The right exists as long as the result of the balancing of interests has not yet been determined.<\/li><\/ul><div><h2>Hosting und Content Delivery Networks (CDN)<\/h2><\/div><div><h3>Externes hosting<\/h3><p>Unsere Website wird auf einem Server des folgenden Internet Service Providers (Hosters) gehostet:<\/p><div><p>Strato AG<br \/>Otto-Ostrowski-Stra\u00dfe 7<br \/>10249 Berlin, Germany<\/p><\/div><h4>Wurde mit dem Hoster ein Auftragsverarbeitungsvertrag abgeschlossen oder gibt es Standardvertragsklauseln (SCC)?<\/h4><p>Ja<\/p><h4>Wie verarbeiten wir Ihre Daten?<\/h4><p>Der Hoster speichert alle Daten unserer Website. Dazu geh\u00f6ren alle personenbezogenen Daten, die automatisch oder durch Eingabe erhoben werden. Dies k\u00f6nnen insbesondere sein: Ihre IP-Adresse, aufgerufene Seiten, Namen, Kontaktdaten und Anfragen, sowie Meta- und Kommunikationsdaten. Bei der Verarbeitung von Daten h\u00e4lt sich unser Hoster an unsere Weisungen und verarbeitet die Daten stets nur, soweit dies zur Erf\u00fcllung der Leistungspflicht uns gegen\u00fcber erforderlich ist.<\/p><h4>Auf welcher Rechtsgrundlage verarbeiten wir Ihre Daten?<\/h4><p>Da wir \u00fcber unsere Website potenzielle Kunden ansprechen und Kontakte zu Bestandskunden pflegen, dient die Datenverarbeitung durch unseren Hoster der Vertragsanbahnung und -erf\u00fcllung und beruht daher auf Art. 6 Abs. 1 lit. b) DSGVO. Dar\u00fcber hinaus ist es unser berechtigtes Interesse als Unternehmen, ein professionelles Internetangebot bereitzustellen, das die notwendigen Anforderungen an Sicherheit, Schnelligkeit und Effizienz erf\u00fcllt. In diesem Zusammenhang verarbeiten wir Ihre Daten auch auf der Rechtsgrundlage des Art. 6 Abs. 1 lit. f) DSGVO.<\/p><\/div><h2>Datenerhebung auf dieser Website<\/h2><div><h3>Cookie-Einwilligung mit Complianz<\/h3><h4>Was ist Complianz?<\/h4><p>Consent Management Provider (CMP) zur Einholung, Verarbeitung und Weiterleitung von DSGVO-konformen Einwilligungen.<\/p><h4>Wer verarbeitet ihre Daten?<\/h4><p>Complianz ist ein lokal genutztes Tool, angeboten von der Complianz B.V., Kalmarweg 14-5, 9723 JG Groningen, Niederlande.<\/p><h4>Wie verarbeiten wir Ihre Daten?<\/h4><p>Wir nutzen Complianz, um Ihre Einwilligung zur Speicherung von Cookies auf Ihrem Ger\u00e4t einzuholen und diese datenschutzkonform zu dokumentieren. Wenn Sie unsere Website besuchen und das Cookie-Fenster von Complianz schlie\u00dfen, um eine Einwilligung einzuholen, werden folgende Daten verarbeitet:<\/p><ul><li>Ihre IP-Adresse (von der aus auch Ihr Land ermittelt wird).<\/li><li>der verwendete Browser<\/li><li>die verwendete Sprache<\/li><li>die besuchte Webseite<\/li><\/ul><p>Dar\u00fcber hinaus speichert Complianz verschiedene Cookies in Ihrem Browser, um die erteilte Einwilligung oder deren Widerruf Ihrem Browser zuordnen zu k\u00f6nnen. Alle erhobenen Daten werden so lange gespeichert, bis die Cookies nicht mehr ben\u00f6tigt werden, Sie die Cookies von Complianz l\u00f6schen oder Sie uns auffordern, die Daten zu l\u00f6schen. Dies gilt nur dann nicht, wenn wir gesetzlich zur Aufbewahrung der Daten verpflichtet sind.<\/p><h4>Auf welcher Rechtsgrundlage verarbeiten wir Ihre Daten?<\/h4><p>Wir sind gesetzlich verpflichtet, f\u00fcr die Verwendung bestimmter Cookies die Einwilligung unserer Website-Besucher einzuholen. Um dieser Verpflichtung nachzukommen, nutzen wir Complianz. Rechtsgrundlage f\u00fcr die Datenverarbeitung ist daher Art. 6 Abs. 1 lit. c) DSGVO.<\/p><\/div><h2>Server-Log-Dateien<\/h2><p>Server-Logfiles protokollieren alle Anfragen und Zugriffe auf unsere Website und zeichnen Fehlermeldungen auf. Dazu geh\u00f6ren auch personenbezogene Daten, insbesondere Ihre IP-Adresse. Diese wird jedoch nach kurzer Zeit vom Anbieter anonymisiert, so dass wir die Daten nicht Ihrer Person zuordnen k\u00f6nnen. Die Daten werden automatisch von Ihrem Browser an unseren Provider \u00fcbermittelt.<\/p><h4>Wie verarbeiten wir Ihre Daten?<\/h4><p>Unser Provider speichert die Server-Logfiles, um die Aktivit\u00e4ten auf unserer Website nachvollziehen zu k\u00f6nnen und Fehler zu lokalisieren. Die Dateien enthalten folgende Daten:<\/p><ul><li>Browsertyp und -version<\/li><li>verwendetes Betriebssystem<\/li><li>Verweis-URL<\/li><li>Hostname des zugreifenden Rechners<\/li><li>Uhrzeit der Serveranfrage<\/li><li>IP-Adresse (anonymisiert, falls notwendig)<\/li><\/ul><p>Wir f\u00fchren diese Daten nicht mit anderen Daten zusammen, sondern verwenden sie nur zur statistischen Auswertung und zur Verbesserung unserer Website.<\/p><h4>Auf welcher Rechtsgrundlage verarbeiten wir Ihre Daten?<\/h4><p>Wir haben ein berechtigtes Interesse daran, dass unsere Website fehlerfrei l\u00e4uft. Es ist auch unser berechtigtes Interesse, einen anonymisierten \u00dcberblick \u00fcber die Zugriffe auf unsere Website zu erhalten. Daher ist die Datenverarbeitung nach Art. 6 Abs. 1 lit. f) DSGVO rechtm\u00e4\u00dfig.<\/p><div><h2>Kontaktformular<\/h2><p>Sie k\u00f6nnen uns \u00fcber das Kontaktformular auf dieser Website eine Nachricht senden.<\/p><h4>Wie verarbeiten wir Ihre Daten?<\/h4><p>Ihre Nachricht und die Angaben aus dem Formular werden von uns gespeichert, um Ihre Anfrage inklusive Anschlussfragen zu bearbeiten. Dies gilt auch f\u00fcr die angegebenen Kontaktdaten. Wir geben die Daten nicht ohne Ihre Einwilligung an andere Personen weiter.<\/p><h4>Wie lange speichern wir Ihre Daten?<\/h4><p>Wir l\u00f6schen Ihre Daten, sobald einer der folgenden F\u00e4lle eintritt:<\/p><ul><li>Ihre Anfrage wurde abschlie\u00dfend bearbeitet.<\/li><li>Sie bitten uns, die Daten zu l\u00f6schen.<\/li><li>Sie widerrufen Ihre Einwilligung zur Speicherung.<\/li><\/ul><p>Das gilt nur dann nicht, wenn wir gesetzlich verpflichtet sind, die Daten aufzubewahren.<\/p><h4>Auf welcher Rechtsgrundlage verarbeiten wir Ihre Daten?<\/h4><p>Wenn Ihre Anfrage im Zusammenhang mit unserer vertraglichen Beziehung steht oder der Umsetzung vorvertraglicher Ma\u00dfnahmen dient, verarbeiten wir Ihre Daten auf der rechtlichen Grundlage des Art. 6 Abs. 1 lit. b) DSGVO. In allen anderen F\u00e4llen liegt unser berechtigtes Interesse darin, Anfragen effektiv zu bearbeiten. Die rechtliche Grundlage f\u00fcr die Datenverarbeitung ist daher Art. 6 Abs. 1 lit. f) DSGVO. Wenn Sie der Speicherung Ihrer Daten zugestimmt haben, ist Art. 6 Abs. 1 lit. a) DSGVO die rechtliche Grundlage. In diesem Fall k\u00f6nnen Sie Ihre Einwilligung jederzeit f\u00fcr die Zukunft widerrufen.<\/p><\/div><div><h2>Analysewerkzeuge und Werbung.<\/h2><p>Wir verwenden die folgenden Tools, um das Verhalten unserer Website-Besucher zu analysieren und Ihnen Werbeanzeigen anzuzeigen.<\/p><\/div><div><h3>WP Statistics<\/h3><h4>Wie verarbeiten wir Ihre Daten?<\/h4><p>Wir sind stets daran interessiert, unsere Website f\u00fcr Nutzer zu optimieren und Werbung optimal zu platzieren. Dabei hilft uns das Plugin WP Statistics, welches das Nutzerverhalten analysiert und uns somit die erforderliche Datenbank f\u00fcr Anpassungen liefert. Der Anbieter ist Veronalabs, ARENCO Tower, 27. Etage, Dubai Media City, Dubai, Dubai 23816, Vereinigte Arabische Emirate. WP Statistics sammelt unter anderem folgende Daten:<\/p><ul><li>IP-Adresse<\/li><li>referrer<\/li><li>verwendeter Browser<\/li><li>Herkunft des Nutzers<\/li><li>verwendete Suchmaschine<\/li><li>Klicks, Seitenaufrufe und andere Aktionen<\/li><\/ul><p>Die Daten werden nur lokal gespeichert.<\/p><h4>Auf welcher Rechtsgrundlage verarbeiten wir Ihre Daten?<\/h4><p>Als Website-Betreiber haben wir ein berechtigtes Interesse daran, das Nutzerverhalten zur Optimierung unserer Website und der dort platzierten Werbung zu analysieren. Die Datenverarbeitung erfolgt daher gem\u00e4\u00df Art. 6 Abs. 1 lit. f) DSGVO. Falls Sie beispielsweise der Speicherung von Cookies zugestimmt haben oder anderweitig in die Datenverarbeitung eingewilligt haben, ist die rechtliche Grundlage ausschlie\u00dflich Art. 6 Abs. 1 lit. a) DSGVO. Sie k\u00f6nnen Ihre Einwilligung jederzeit mit Wirkung f\u00fcr die Zukunft widerrufen.<\/p><\/div><p>\u00a0<\/p><div><h3>Google Fonts (local hosting)<\/h3><p>Wir verwenden Schriftarten der US-amerikanischen Firma Google auf unserer Website. Die Schriftarten sind lokal installiert, sodass keine Verbindung zu den Servern von Google hergestellt wird, wenn Sie unsere Website besuchen.<\/p><p>F\u00fcr weitere Informationen \u00fcber Google Fonts besuchen Sie bitte <a href=\"https:\/\/developers.google.com\/fonts\/faq\" target=\"_blank\" rel=\"noopener noreferrer nofollow\">https:\/\/developers.google.com\/fonts\/faq<\/a> und informieren Sie sich \u00fcber die Datenschutzrichtlinien von Google. <a href=\"https:\/\/policies.google.com\/privacy?hl=de\" target=\"_blank\" rel=\"noopener noreferrer nofollow\">https:\/\/policies.google.com\/privacy?hl=de<\/a>.<\/p><\/div><div><h3>jQuery<\/h3><h4>Was ist jQuery?<\/h4><p style=\"text-align: justify;\">Dienst, der Zugriff auf eine JavaScript-Bibliothek f\u00fcr die Verwendung auf dieser Website bietet.<\/p><h4>Wer verarbeitet ihre Daten?<\/h4><p style=\"text-align: justify;\">The OpenJS Foundation, 548 Market St, PMB 57274, San Francisco, California, USA<\/p><h4>Wo kann man weitere Informationen zum Datenschutz bei jQuery finden?<\/h4><p style=\"text-align: justify;\"><a href=\"https:\/\/openjsf.org\/privacy\" target=\"_blank\" rel=\"noopener noreferrer nofollow\">https:\/\/openjsf.org\/privacy<\/a><\/p><h4>Nach welchen Kriterien \u00fcbertragen wir Ihre Daten in die USA?<\/h4><p style=\"text-align: justify;\">jQuery h\u00e4lt sich an die Standardvertragsklauseln der Europ\u00e4ischen Kommission (siehe <a href=\"https:\/\/openjsf.org\/privacy\" target=\"_blank\" rel=\"noopener noreferrer nofollow\">https:\/\/openjsf.org\/privacy<\/a>)<\/p><h4>Wie verarbeiten wir Ihre Daten?<\/h4><p style=\"text-align: justify;\">Wir verwenden die Dienste von jQuery auf unserer Website. jQuery ist eine JavaScript-Bibliothek. Sie vereinfacht die JavaScript-Programmierung, indem sie eine benutzerfreundliche Schnittstelle f\u00fcr viele g\u00e4ngige Aufgaben bereitstellt. Mit jQuery k\u00f6nnen Benutzer ihre Websites schneller und interaktiver gestalten. Wenn Sie unsere Website besuchen, wird eine direkte Verbindung zwischen Ihrem Browser und den jQuery-Servern hergestellt. So erf\u00e4hrt jQuery, dass unsere Website \u00fcber Ihre IP-Adresse aufgerufen wurde.<\/p><h4>Auf welcher Rechtsgrundlage verarbeiten wir Ihre Daten?<\/h4><p style=\"text-align: justify;\">Die Schriftarten von jQuery gew\u00e4hrleisten eine konsistente Schriftart auf unseren Websites. Als Unternehmen haben wir ein berechtigtes Interesse daran. Die Datenverarbeitung ist daher gem\u00e4\u00df Art. 6 Abs. 1 lit. f) DSGVO rechtm\u00e4\u00dfig.<\/p><p style=\"text-align: justify;\">Wenn Sie der Datenverarbeitung zugestimmt haben, verarbeiten wir Ihre Daten ausschlie\u00dflich auf Grundlage von Art. 6 Abs. 1 lit. a) DSGVO. Sie k\u00f6nnen Ihre Einwilligung jederzeit widerrufen. Ab dem Zeitpunkt des Widerrufs d\u00fcrfen wir Ihre Daten nicht mehr verarbeiten.<\/p><\/div><div><h2>Datenverarbeitung in Sozialen Medien.<\/h2><h5>Was sind Soziale Medien?<\/h5><p>Mit Sozialen Medien meinen wir die sozialen Netzwerke, auf denen wir \u00f6ffentlich zug\u00e4ngliche Profile erstellt haben. Sie k\u00f6nnen unten nachlesen, um welche speziellen sozialen Netzwerke es sich handelt.<\/p><h5>Wer verarbeitet ihre Daten?<\/h5><p>Die jeweiligen Betreibergesellschaften der sozialen Netzwerke. Die einzelnen Betreiber finden Sie unten unter den jeweiligen Netzwerken.<\/p><h5>Wie werden Ihre Daten verarbeitet?<\/h5><p>Die Betreiber von sozialen Netzwerken sind in der Regel in der Lage, umfassende Daten \u00fcber das Verhalten von Besuchern und Nutzern des Netzwerks zu sammeln und auszuwerten. Es ist uns nicht m\u00f6glich, alle Verarbeitungsvorg\u00e4nge auf den von uns genutzten sozialen Netzwerken zu verfolgen, weshalb weitere Verarbeitungsvorg\u00e4nge, die hier nicht aufgef\u00fchrt sind, von den Betreibern der sozialen Netzwerke durchgef\u00fchrt werden k\u00f6nnen. Weitere Informationen dazu finden Sie in den Nutzungsbedingungen und Datenschutzerkl\u00e4rungen der jeweiligen sozialen Netzwerke.<\/p><p>Die Verarbeitung Ihrer Daten kann ausgel\u00f6st werden, wenn Sie die Website des sozialen Netzwerks oder unser Profil dort besuchen. Selbst wenn Sie eine Website besuchen, die bestimmte Inhalte des Netzwerks verwendet, z. B. Like- oder Teilen-Buttons, k\u00f6nnen bereits Daten an die Betreiber des sozialen Netzwerks \u00fcbertragen werden. Wenn Sie selbst Nutzer des sozialen Netzwerks sind und in Ihrem Benutzerkonto angemeldet sind, kann Ihr Besuch auf unserer Profilseite dem Betreiber des sozialen Netzwerks zugeordnet werden. Selbst wenn Sie selbst kein Benutzerkonto registriert haben oder nicht angemeldet sind, kann der Netzwerkbetreiber dennoch Ihre pers\u00f6nlichen Daten erfassen, z. B. durch Aufzeichnung Ihrer IP-Adresse oder Setzen von Cookies. Mit diesen Daten k\u00f6nnen die Betreiber nutzerangepasste Profile erstellen und Ihnen interessensbasierte Werbung innerhalb und au\u00dferhalb des Netzwerks anzeigen. Wenn Sie ein registrierter Nutzer des Netzwerks sind, kann die interessensbasierte Werbung auch auf allen Ger\u00e4ten angezeigt werden, auf denen Sie angemeldet sind oder waren.<\/p><h5>Auf welcher rechtlichen Grundlage werden Ihre Daten verarbeitet?<\/h5><p>Our profiles in the social networks are intended to ensure the broadest possible presence of our company on the Internet. As a company, we have a legitimate interest in this. The data processing is therefore lawful according to Art. 6 (1) lit. f) GDPR.<\/p><p>The data processing operations and analyses carried out by the operators of the social networks themselves may be based on other legal grounds. These must be stated by the operators of the social networks.<\/p><h5>Who is responsible for the processing of your data and how can you assert your rights?<\/h5><p>If you visit one of our profiles on the social networks, we are jointly responsible with the operator of the respective network for the data processing operations triggered during this visit. In principle, you can assert your rights both against us and against the operator of the respective network.<\/p><p>Trotz der mit den Betreibern der sozialen Netzwerke geteilten Verantwortung  ist unser Einfluss auf die Datenverarbeitungsvorg\u00e4nge des jeweiligen Betreibers begrenzt und basiert haupts\u00e4chlich auf den Vorgaben des Betreibers.<\/p><h5>Wie lange werden Ihre Daten gespeichert?<\/h5><p>Falls wir Daten \u00fcber unsere Profile in sozialen Netzwerken sammeln, werden diese von unseren Systemen gel\u00f6scht, sobald der Zweck f\u00fcr die Speicherung nicht mehr besteht, Sie uns zur L\u00f6schung auffordern oder Ihre Einwilligung zur Speicherung widerrufen. Gespeicherte Cookies verbleiben auf Ihrem Endger\u00e4t, bis Sie diese l\u00f6schen. Zwingende gesetzliche Bestimmungen \u2013 insbesondere Aufbewahrungsfristen \u2013 bleiben davon unber\u00fchrt.<\/p><p>Wir haben keinen Einfluss darauf, wie lange die Betreiber der sozialen Netzwerke Ihre Daten speichern, die sie zu eigenen Zwecken sammeln. Informationen dazu k\u00f6nnen Sie direkt beim Betreiber des jeweiligen sozialen Netzwerks erhalten, z.B. in der entsprechenden Datenschutzerkl\u00e4rung.<\/p><h5>Welche sozialen Medien verwenden wir?<\/h5><\/div><div><h3>LinkedIn<\/h3><h5>Was ist LinkedIn?<\/h5><p>Ein soziales Netzwerk f\u00fcr Gesch\u00e4ftskontakte.<\/p><h5>Wer verarbeitet ihre Daten?<\/h5><p>LinkedIn Ireland Unlimited Company, Wilton Place, Dublin 2, Ireland<\/p><h5>Werden Ihre Daten in Drittl\u00e4nder \u00fcbertragen?<\/h5><p>Ja<\/p><h5>Wo k\u00f6nnen Sie weitere Informationen zum Datenschutz bei LinkedIn finden?<\/h5><p><a href=\"https:\/\/de.linkedin.com\/legal\/privacy-policy?trk=homepage-basic_footer-privacy-policy\" target=\"_blank\" rel=\"noopener noreferrer nofollow\">https:\/\/de.linkedin.com\/legal\/privacy-policy?trk=homepage-basic_footer-privacy-policy<\/a><\/p><h5>Wo k\u00f6nnen Sie als Benutzer Ihre Datenschutzeinstellungen anpassen?<\/h5><p>Als registrierter LinkedIn-Benutzer k\u00f6nnen Sie Ihre Datenschutzeinstellungen in Ihrem Benutzerkonto anpassen. Klicken Sie dazu auf den folgenden Link und melden Sie sich an:<\/p><p><a href=\"https:\/\/www.linkedin.com\/psettings\/\" target=\"_blank\" rel=\"noopener noreferrer nofollow\">https:\/\/www.linkedin.com\/psettings\/<\/a><\/p><\/div>\t\t\t\t\t\t\t\t<\/div>\n\t\t\t\t<\/div>\n\t\t\t\t\t<\/div>\n\t\t\t\t<\/div>\n\t\t\t\t<\/div>","protected":false},"excerpt":{"rendered":"<p>Privacy Policy General As the operator of this website and as a company, we come into contact with your personal data. This concerns all data that reveals something about you and by which you can be identified. In this privacy policy, we would like to explain how, for what purpose and on which legal basis [&hellip;]<\/p>\n","protected":false},"author":1,"featured_media":0,"parent":0,"menu_order":100,"comment_status":"closed","ping_status":"closed","template":"","meta":{"footnotes":""},"class_list":["post-3","page","type-page","status-publish","hentry"],"_links":{"self":[{"href":"https:\/\/wavesense-dd.de\/de\/wp-json\/wp\/v2\/pages\/3"}],"collection":[{"href":"https:\/\/wavesense-dd.de\/de\/wp-json\/wp\/v2\/pages"}],"about":[{"href":"https:\/\/wavesense-dd.de\/de\/wp-json\/wp\/v2\/types\/page"}],"author":[{"embeddable":true,"href":"https:\/\/wavesense-dd.de\/de\/wp-json\/wp\/v2\/users\/1"}],"replies":[{"embeddable":true,"href":"https:\/\/wavesense-dd.de\/de\/wp-json\/wp\/v2\/comments?post=3"}],"version-history":[{"count":10,"href":"https:\/\/wavesense-dd.de\/de\/wp-json\/wp\/v2\/pages\/3\/revisions"}],"predecessor-version":[{"id":1186,"href":"https:\/\/wavesense-dd.de\/de\/wp-json\/wp\/v2\/pages\/3\/revisions\/1186"}],"wp:attachment":[{"href":"https:\/\/wavesense-dd.de\/de\/wp-json\/wp\/v2\/media?parent=3"}],"curies":[{"name":"wp","href":"https:\/\/api.w.org\/{rel}","templated":true}]}}