{"id":1003,"date":"2024-10-10T20:50:13","date_gmt":"2024-10-10T20:50:13","guid":{"rendered":"https:\/\/wavesense-dd.de\/?page_id=1003"},"modified":"2024-10-23T09:11:21","modified_gmt":"2024-10-23T09:11:21","slug":"coc-supplier","status":"publish","type":"page","link":"https:\/\/wavesense-dd.de\/de\/coc-supplier\/","title":{"rendered":"Code of Conduct Suppliers"},"content":{"rendered":"<div data-elementor-type=\"wp-page\" data-elementor-id=\"1003\" class=\"elementor elementor-1003\" data-elementor-post-type=\"page\">\n\t\t\t\t<div class=\"elementor-element elementor-element-280408c e-flex e-con-boxed e-con e-parent\" data-id=\"280408c\" data-element_type=\"container\" data-e-type=\"container\">\n\t\t\t\t\t<div class=\"e-con-inner\">\n\t\t<div class=\"elementor-element elementor-element-9cbdf79 e-con-full e-flex e-con e-child\" data-id=\"9cbdf79\" data-element_type=\"container\" data-e-type=\"container\">\n\t\t\t\t<div class=\"elementor-element elementor-element-60612ba elementor-invisible elementor-widget elementor-widget-heading\" data-id=\"60612ba\" data-element_type=\"widget\" data-e-type=\"widget\" data-settings=\"{&quot;_animation&quot;:&quot;fadeIn&quot;}\" data-widget_type=\"heading.default\">\n\t\t\t\t<div class=\"elementor-widget-container\">\n\t\t\t\t\t<h1 class=\"elementor-heading-title elementor-size-default\">Welche Werte teilen wir mit unseren Partnern? <br> <\/h1>\t\t\t\t<\/div>\n\t\t\t\t<\/div>\n\t\t\t\t<\/div>\n\t\t<div class=\"elementor-element elementor-element-069673e e-con-full e-flex e-con e-child\" data-id=\"069673e\" data-element_type=\"container\" data-e-type=\"container\">\n\t\t<div class=\"elementor-element elementor-element-3af958c e-flex e-con-boxed e-con e-child\" data-id=\"3af958c\" data-element_type=\"container\" data-e-type=\"container\">\n\t\t\t\t\t<div class=\"e-con-inner\">\n\t\t\t\t<div class=\"elementor-element elementor-element-07fa1a4 elementor-widget elementor-widget-text-editor\" data-id=\"07fa1a4\" data-element_type=\"widget\" data-e-type=\"widget\" data-widget_type=\"text-editor.default\">\n\t\t\t\t<div class=\"elementor-widget-container\">\n\t\t\t\t\t\t\t\t\t<p class=\"p1\"><i>Version vom 01.08.2024<\/i><\/p>\t\t\t\t\t\t\t\t<\/div>\n\t\t\t\t<\/div>\n\t\t\t\t<div class=\"elementor-element elementor-element-1e7b538 elementor-widget-divider--view-line elementor-widget elementor-widget-divider\" data-id=\"1e7b538\" data-element_type=\"widget\" data-e-type=\"widget\" data-widget_type=\"divider.default\">\n\t\t\t\t<div class=\"elementor-widget-container\">\n\t\t\t\t\t\t\t<div class=\"elementor-divider\">\n\t\t\t<span class=\"elementor-divider-separator\">\n\t\t\t\t\t\t<\/span>\n\t\t<\/div>\n\t\t\t\t\t\t<\/div>\n\t\t\t\t<\/div>\n\t\t\t\t<div class=\"elementor-element elementor-element-2834d7e elementor-widget elementor-widget-heading\" data-id=\"2834d7e\" data-element_type=\"widget\" data-e-type=\"widget\" data-widget_type=\"heading.default\">\n\t\t\t\t<div class=\"elementor-widget-container\">\n\t\t\t\t\t<h2 class=\"elementor-heading-title elementor-size-default\">Pr\u00e4ambel<\/h2>\t\t\t\t<\/div>\n\t\t\t\t<\/div>\n\t\t\t\t<div class=\"elementor-element elementor-element-98f0c36 elementor-widget elementor-widget-text-editor\" data-id=\"98f0c36\" data-element_type=\"widget\" data-e-type=\"widget\" data-widget_type=\"text-editor.default\">\n\t\t\t\t<div class=\"elementor-widget-container\">\n\t\t\t\t\t\t\t\t\t<p style=\"text-align: center;\">Wavesense Dresden legt gro\u00dfen Wert auf nachhaltiges und verantwortliches Wirtschaften. \nDaher halten wir alle Zulieferer und Partner an, sich im Rahmen der Zusammenarbeit auf gemeinsame Regeln des Wirtschaftens zu verpflichten, welche in Folgenden niedergelegt sind.<\/p>\t\t\t\t\t\t\t\t<\/div>\n\t\t\t\t<\/div>\n\t\t<div class=\"elementor-element elementor-element-5c7149a e-con-full e-flex e-con e-child\" data-id=\"5c7149a\" data-element_type=\"container\" data-e-type=\"container\">\n\t\t\t\t<div class=\"elementor-element elementor-element-4f38f82 elementor-widget-divider--view-line elementor-widget elementor-widget-divider\" data-id=\"4f38f82\" data-element_type=\"widget\" data-e-type=\"widget\" data-widget_type=\"divider.default\">\n\t\t\t\t<div class=\"elementor-widget-container\">\n\t\t\t\t\t\t\t<div class=\"elementor-divider\">\n\t\t\t<span class=\"elementor-divider-separator\">\n\t\t\t\t\t\t<\/span>\n\t\t<\/div>\n\t\t\t\t\t\t<\/div>\n\t\t\t\t<\/div>\n\t\t\t\t<div class=\"elementor-element elementor-element-c4e572f elementor-widget elementor-widget-heading\" data-id=\"c4e572f\" data-element_type=\"widget\" data-e-type=\"widget\" data-widget_type=\"heading.default\">\n\t\t\t\t<div class=\"elementor-widget-container\">\n\t\t\t\t\t<h2 class=\"elementor-heading-title elementor-size-default\">Ethische \/ moralische Verpflichtung und Integrit\u00e4t<\/h2>\t\t\t\t<\/div>\n\t\t\t\t<\/div>\n\t\t\t\t<div class=\"elementor-element elementor-element-ebd7f32 elementor-widget elementor-widget-text-editor\" data-id=\"ebd7f32\" data-element_type=\"widget\" data-e-type=\"widget\" data-widget_type=\"text-editor.default\">\n\t\t\t\t<div class=\"elementor-widget-container\">\n\t\t\t\t\t\t\t\t\t<ul><li>Wir verfolgen ausschlie\u00dflich legale Gesch\u00e4ftsziele und -praktiken und unterh\u00e4lt nur mit seri\u00f6sen Partnern Gesch\u00e4ftsbeziehungen.<\/li><li>Wir respektieren unterschiedliche rechtliche, wirtschaftliche, soziale und kulturelle Hintergr\u00fcnde und die besonderen Gegebenheiten der L\u00e4nder und Regionen, in denen wir t\u00e4tig sind. Dabei achten wir auf das Recht und die Gesetze der L\u00e4nder und Regionen, in denen gesch\u00e4ftliche T\u00e4tigkeiten stattfinden.<\/li><li>Wir orientieren unser unternehmerisches Handeln stets an allgemeing\u00fcltigen ethischen Werten und Prinzipien, einschlie\u00dflich Integrit\u00e4t und Achtung der Menschenw\u00fcrde.<\/li><\/ul>\t\t\t\t\t\t\t\t<\/div>\n\t\t\t\t<\/div>\n\t\t\t\t<div class=\"elementor-element elementor-element-368a5ec elementor-widget elementor-widget-heading\" data-id=\"368a5ec\" data-element_type=\"widget\" data-e-type=\"widget\" data-widget_type=\"heading.default\">\n\t\t\t\t<div class=\"elementor-widget-container\">\n\t\t\t\t\t<h2 class=\"elementor-heading-title elementor-size-default\">Fairer Wettbewerb<\/h2>\t\t\t\t<\/div>\n\t\t\t\t<\/div>\n\t\t\t\t<div class=\"elementor-element elementor-element-5f3a8aa elementor-widget elementor-widget-text-editor\" data-id=\"5f3a8aa\" data-element_type=\"widget\" data-e-type=\"widget\" data-widget_type=\"text-editor.default\">\n\t\t\t\t<div class=\"elementor-widget-container\">\n\t\t\t\t\t\t\t\t\t<p>Wir treten f\u00fcr einen freien und fairen Wettbewerb ein. Wir dulden keine wettbewerbswidrigen Absprachen und stellen sicher, dass unser Unternehmen in \u00dcbereinstimmung mit den geltenden Kartellgesetzen handelt. Wettbewerbsvorteile durch unlautere Gesch\u00e4ftspraktiken lehnen wir ab.<\/p>\t\t\t\t\t\t\t\t<\/div>\n\t\t\t\t<\/div>\n\t\t\t\t<div class=\"elementor-element elementor-element-5d4b710 elementor-widget elementor-widget-heading\" data-id=\"5d4b710\" data-element_type=\"widget\" data-e-type=\"widget\" data-widget_type=\"heading.default\">\n\t\t\t\t<div class=\"elementor-widget-container\">\n\t\t\t\t\t<h2 class=\"elementor-heading-title elementor-size-default\">Umgang mit personenbezogenen Daten, Schutz von vertraulichen Informationen und geistigem Eigentum <\/h2>\t\t\t\t<\/div>\n\t\t\t\t<\/div>\n\t\t\t\t<div class=\"elementor-element elementor-element-2680dbf elementor-widget elementor-widget-text-editor\" data-id=\"2680dbf\" data-element_type=\"widget\" data-e-type=\"widget\" data-widget_type=\"text-editor.default\">\n\t\t\t\t<div class=\"elementor-widget-container\">\n\t\t\t\t\t\t\t\t\t<ul><li>Wir respektieren die Pers\u00f6nlichkeitsrechte ihrer Mitarbeiter, Gesch\u00e4ftspartner und Kunden und befolgt beim Umgang mit pers\u00f6nlichen Informationen die geltenden gesetzlichen und beh\u00f6rdlichen Vorgaben zur Verarbeitung von personenbezogenen Daten und zur Informationssicherheit.<\/li><li>Wir sch\u00fctzen uns anvertraute Gesch\u00e4ftsgeheimnisse und sonstige vertrauliche Informationen unserer Gesch\u00e4ftspartner und Kunden vor unerlaubter Erlangung, Nutzung und Offenlegung, mindestens nach Ma\u00dfgabe der einschl\u00e4gigen gesetzlichen Bestimmungen zum Schutz von Gesch\u00e4ftsgeheimnissen.<\/li><li>Unser Unternehmen respektiert das geistige Eigentum seiner Gesch\u00e4ftspartner, Kunden und sonstiger Dritter und achtet beim Austausch von Know-how und Technologien darauf, dass ausreichende Vorkehrungen zum Schutz der geistigen Eigentumsrechte vorgenommen werden. Zus\u00e4tzlich zu den hier definierten Grunds\u00e4tzen gelten die Bestimmungen der mit den jeweiligen Partnern abgeschlossenen Geheimhaltungsvereinbarungen.<\/li><\/ul>\t\t\t\t\t\t\t\t<\/div>\n\t\t\t\t<\/div>\n\t\t\t\t<div class=\"elementor-element elementor-element-9e3c6d1 elementor-widget elementor-widget-heading\" data-id=\"9e3c6d1\" data-element_type=\"widget\" data-e-type=\"widget\" data-widget_type=\"heading.default\">\n\t\t\t\t<div class=\"elementor-widget-container\">\n\t\t\t\t\t<h2 class=\"elementor-heading-title elementor-size-default\">Wahren von Verbraucherinteressen<\/h2>\t\t\t\t<\/div>\n\t\t\t\t<\/div>\n\t\t\t\t<div class=\"elementor-element elementor-element-df045f9 elementor-widget elementor-widget-text-editor\" data-id=\"df045f9\" data-element_type=\"widget\" data-e-type=\"widget\" data-widget_type=\"text-editor.default\">\n\t\t\t\t<div class=\"elementor-widget-container\">\n\t\t\t\t\t\t\t\t\t<ul><li>Soweit unsere Produkte und Leistungen der die Interessen von Verbrauchern betreffen, werden geeignete Ma\u00dfnahmen getroffen, welche die Sicherheit und Qualit\u00e4t dieser gew\u00e4hrleisten. Wir stellen dabei sicher, dass die Produkte oder Leistungen den jeweils einschl\u00e4gigen gesetzlichen verbrauchersch\u00fctzenden Bestimmungen entsprechen.<\/li><li>Im Rahmen von Informations- und Vertriebsma\u00dfnahmen ber\u00fccksichtigt Wavesense Dresden die Verbraucherinteressen, indem die rechtlichen Vorgaben f\u00fcr faire Gesch\u00e4fts-, Marketing- und Werbepraktiken und Verbraucheraufkl\u00e4rung angewendet werden.<\/li><\/ul>\t\t\t\t\t\t\t\t<\/div>\n\t\t\t\t<\/div>\n\t\t\t\t<div class=\"elementor-element elementor-element-a4fbfe9 elementor-widget elementor-widget-heading\" data-id=\"a4fbfe9\" data-element_type=\"widget\" data-e-type=\"widget\" data-widget_type=\"heading.default\">\n\t\t\t\t<div class=\"elementor-widget-container\">\n\t\t\t\t\t<h2 class=\"elementor-heading-title elementor-size-default\">Schutz von Umwelt und Klima<\/h2>\t\t\t\t<\/div>\n\t\t\t\t<\/div>\n\t\t\t\t<div class=\"elementor-element elementor-element-0453eab elementor-widget elementor-widget-text-editor\" data-id=\"0453eab\" data-element_type=\"widget\" data-e-type=\"widget\" data-widget_type=\"text-editor.default\">\n\t\t\t\t<div class=\"elementor-widget-container\">\n\t\t\t\t\t\t\t\t\t<p>Wir nehmen unsere \u00f6kologische Verantwortung wahr, indem die geltenden gesetzlichen Vorgaben und anerkannten Standards zum Schutz von Umwelt und Klima angewendet werden Unser Unternehmen wendet geltendes Recht an und ergreift geeignete Ma\u00dfnahmen, die sich an gesetzlichen und international anerkannten Standards orientieren.<\/p>\t\t\t\t\t\t\t\t<\/div>\n\t\t\t\t<\/div>\n\t\t\t\t<\/div>\n\t\t<div class=\"elementor-element elementor-element-fcc9b38 e-con-full e-flex e-con e-child\" data-id=\"fcc9b38\" data-element_type=\"container\" data-e-type=\"container\">\n\t\t\t\t<div class=\"elementor-element elementor-element-353489a elementor-widget-divider--view-line elementor-widget elementor-widget-divider\" data-id=\"353489a\" data-element_type=\"widget\" data-e-type=\"widget\" data-widget_type=\"divider.default\">\n\t\t\t\t<div class=\"elementor-widget-container\">\n\t\t\t\t\t\t\t<div class=\"elementor-divider\">\n\t\t\t<span class=\"elementor-divider-separator\">\n\t\t\t\t\t\t<\/span>\n\t\t<\/div>\n\t\t\t\t\t\t<\/div>\n\t\t\t\t<\/div>\n\t\t\t\t<div class=\"elementor-element elementor-element-6691ef5 elementor-widget elementor-widget-heading\" data-id=\"6691ef5\" data-element_type=\"widget\" data-e-type=\"widget\" data-widget_type=\"heading.default\">\n\t\t\t\t<div class=\"elementor-widget-container\">\n\t\t\t\t\t<h2 class=\"elementor-heading-title elementor-size-default\">Menschenrechte und Arbeitsstandards<\/h2>\t\t\t\t<\/div>\n\t\t\t\t<\/div>\n\t\t\t\t<div class=\"elementor-element elementor-element-9f92219 elementor-widget elementor-widget-text-editor\" data-id=\"9f92219\" data-element_type=\"widget\" data-e-type=\"widget\" data-widget_type=\"text-editor.default\">\n\t\t\t\t<div class=\"elementor-widget-container\">\n\t\t\t\t\t\t\t\t\t<ul><li>Die W\u00fcrde des Menschen ist unantastbar. Deshalb achten wir die international anerkannten Menschenrechte, die in der allgemeinen Erkl\u00e4rung der Menschenrechte der Vereinten Nationen festgehalten sind.<\/li><li>Unser Unternehmen orientiert sich an den international anerkannten Arbeitsstandards der Internationalen Arbeitsorganisation (ILO), wie sie nachfolgend im Verhaltenskodex aufgef\u00fchrt sind.<\/li><li>Wir sind bem\u00fcht, Menschenrechtsverletzungen weder zu verursachen noch zu diesen beizutragen. Wir erwarten das Gleiche von ihren Gesch\u00e4ftspartnern. Soweit erforderlich und m\u00f6glich, unterst\u00fctzen wir hierbei unsere Lieferanten.<\/li><\/ul>\t\t\t\t\t\t\t\t<\/div>\n\t\t\t\t<\/div>\n\t\t\t\t<div class=\"elementor-element elementor-element-52d7315 elementor-widget elementor-widget-heading\" data-id=\"52d7315\" data-element_type=\"widget\" data-e-type=\"widget\" data-widget_type=\"heading.default\">\n\t\t\t\t<div class=\"elementor-widget-container\">\n\t\t\t\t\t<h2 class=\"elementor-heading-title elementor-size-default\">Besch\u00e4ftigungsverh\u00e4ltnisse<\/h2>\t\t\t\t<\/div>\n\t\t\t\t<\/div>\n\t\t\t\t<div class=\"elementor-element elementor-element-11e5e3b elementor-widget elementor-widget-text-editor\" data-id=\"11e5e3b\" data-element_type=\"widget\" data-e-type=\"widget\" data-widget_type=\"text-editor.default\">\n\t\t\t\t<div class=\"elementor-widget-container\">\n\t\t\t\t\t\t\t\t\t<p>Wir behandeln unsere Mitarbeiter mit Wertsch\u00e4tzung. Wir lehnen jegliche Form von rechtswidrigen Strafen, Missbrauch, Bel\u00e4stigung, Einsch\u00fcchterung oder sonstiger unw\u00fcrdiger Behandlung gegen\u00fcber Arbeitnehmern ab. Unser Unternehmen wendet bei s\u00e4mtlichen Besch\u00e4ftigungsverh\u00e4ltnissen das jeweils geltende Arbeitsrecht an und erwartet das Gleiche von seinen Vertragspartnern. Den Mitarbeitern werden zu Beginn des Besch\u00e4ftigungsverh\u00e4ltnisses verst\u00e4ndliche Informationen \u00fcber die wesentlichen Arbeitsbedingungen, u. a. ihre Rechte und Pflichten, Arbeitszeiten, Verg\u00fctung und Zahlungs- und Abrechnungsmodalit\u00e4ten, zur Verf\u00fcgung gestellt. Wir respektieren und sch\u00fctzen das Recht der Arbeitnehmer, ihr Besch\u00e4ftigungsverh\u00e4ltnis unter Einhaltung der jeweils ma\u00dfgeblichen K\u00fcndigungsfrist zu beenden.<\/p>\t\t\t\t\t\t\t\t<\/div>\n\t\t\t\t<\/div>\n\t\t\t\t<div class=\"elementor-element elementor-element-c79a850 elementor-widget elementor-widget-heading\" data-id=\"c79a850\" data-element_type=\"widget\" data-e-type=\"widget\" data-widget_type=\"heading.default\">\n\t\t\t\t<div class=\"elementor-widget-container\">\n\t\t\t\t\t<h2 class=\"elementor-heading-title elementor-size-default\">Ablehnen von Kinderarbeit und Schutz jugendlicher Arbeitnehmer<\/h2>\t\t\t\t<\/div>\n\t\t\t\t<\/div>\n\t\t\t\t<div class=\"elementor-element elementor-element-4afdd13 elementor-widget elementor-widget-text-editor\" data-id=\"4afdd13\" data-element_type=\"widget\" data-e-type=\"widget\" data-widget_type=\"text-editor.default\">\n\t\t\t\t<div class=\"elementor-widget-container\">\n\t\t\t\t\t\t\t\t\t<p>Wir tolerieren keine Kinderarbeit und beachten das anwendbare gesetzliche Mindestalter f\u00fcr die Arbeitsaufnahme. In jedem Fall besch\u00e4ftigen wir keine Personen unter dem Alter, mit dem nach dem Recht des Besch\u00e4ftigungsortes die allgemeine Schulpflicht endet, sowie unter 15 Jahren. Praktika werden gem\u00e4\u00df den gesetzlichen Bestimmungen organisiert.<\/p>\t\t\t\t\t\t\t\t<\/div>\n\t\t\t\t<\/div>\n\t\t\t\t<div class=\"elementor-element elementor-element-84cde61 elementor-widget elementor-widget-heading\" data-id=\"84cde61\" data-element_type=\"widget\" data-e-type=\"widget\" data-widget_type=\"heading.default\">\n\t\t\t\t<div class=\"elementor-widget-container\">\n\t\t\t\t\t<h2 class=\"elementor-heading-title elementor-size-default\">Grunds\u00e4tze der Verg\u00fctung <\/h2>\t\t\t\t<\/div>\n\t\t\t\t<\/div>\n\t\t\t\t<div class=\"elementor-element elementor-element-cd65c00 elementor-widget elementor-widget-text-editor\" data-id=\"cd65c00\" data-element_type=\"widget\" data-e-type=\"widget\" data-widget_type=\"text-editor.default\">\n\t\t\t\t<div class=\"elementor-widget-container\">\n\t\t\t\t\t\t\t\t\t<p>Wir wenden die gesetzlichen oder \u2013 soweit anwendbar \u2013 tarifvertraglichen Bestimmungen bei der Verg\u00fctung von Arbeitsleistungen an. Unser Unternehmen stellt sicher, dass bei der Bezahlung von Mitarbeitern im Betrieb der geltende gesetzliche, ggf. der tariflich festgelegte oder branchen\u00fcblichen Mindestlohn nicht unterschritten wird. In L\u00e4ndern oder Regionen ohne einen gesetzlichen oder tariflichen Lohnrahmen achten wir  darauf, dass der geleistete Lohn f\u00fcr eine regelm\u00e4\u00dfige Vollarbeitszeit ausreichend ist, um die Grundbed\u00fcrfnisse der Besch\u00e4ftigten zu erf\u00fcllen. Gesetzlich nicht zugelassene Lohnabz\u00fcge, einschlie\u00dflich Lohnabz\u00fcgen als Disziplinarma\u00dfnahme, werden durch uns nicht geduldet.<\/p>\t\t\t\t\t\t\t\t<\/div>\n\t\t\t\t<\/div>\n\t\t\t\t<div class=\"elementor-element elementor-element-208e7d0 elementor-widget elementor-widget-heading\" data-id=\"208e7d0\" data-element_type=\"widget\" data-e-type=\"widget\" data-widget_type=\"heading.default\">\n\t\t\t\t<div class=\"elementor-widget-container\">\n\t\t\t\t\t<h2 class=\"elementor-heading-title elementor-size-default\">Ablehnen von Zwangsarbeit<\/h2>\t\t\t\t<\/div>\n\t\t\t\t<\/div>\n\t\t\t\t<div class=\"elementor-element elementor-element-05907f8 elementor-widget elementor-widget-text-editor\" data-id=\"05907f8\" data-element_type=\"widget\" data-e-type=\"widget\" data-widget_type=\"text-editor.default\">\n\t\t\t\t<div class=\"elementor-widget-container\">\n\t\t\t\t\t\t\t\t\t<p>Wir lehnen Zwangs- oder Pflichtarbeit in jeder Form ab. Das gilt auch f\u00fcr jegliche Form der Schuldknechtschaft, der Leibeigenschaft, der Sklaverei oder sklaven\u00e4hnlicher Praktiken, des Menschenhandels und erstreckt sich auf alle Formen unfreiwilliger Arbeits- und Dienstleistungen, die mit den international anerkannten Arbeits- und Sozialstandards nicht vereinbar sind.<\/p>\t\t\t\t\t\t\t\t<\/div>\n\t\t\t\t<\/div>\n\t\t\t\t<div class=\"elementor-element elementor-element-d83bbbc elementor-widget elementor-widget-heading\" data-id=\"d83bbbc\" data-element_type=\"widget\" data-e-type=\"widget\" data-widget_type=\"heading.default\">\n\t\t\t\t<div class=\"elementor-widget-container\">\n\t\t\t\t\t<h2 class=\"elementor-heading-title elementor-size-default\">Arbeitszeiten<\/h2>\t\t\t\t<\/div>\n\t\t\t\t<\/div>\n\t\t\t\t<div class=\"elementor-element elementor-element-24902b8 elementor-widget elementor-widget-text-editor\" data-id=\"24902b8\" data-element_type=\"widget\" data-e-type=\"widget\" data-widget_type=\"text-editor.default\">\n\t\t\t\t<div class=\"elementor-widget-container\">\n\t\t\t\t\t\t\t\t\t<p>Wir wenden die gesetzlichen oder anwendbaren tariflichen Bestimmungen zur Arbeitszeit, einschlie\u00dflich \u00dcberstunden, Ruhepausen und Erholungsurlaub an.<\/p><p>Unser Unternehmen achtet darauf, dass:<\/p><ul><li>die regul\u00e4re w\u00f6chentliche Arbeitszeit zuz\u00fcglich maximal m\u00f6glicher \u00dcberstunden nicht \u00fcberschritten wird,<\/li><li>Arbeitszeitregelungen eingehalten werden.<\/li><\/ul>\t\t\t\t\t\t\t\t<\/div>\n\t\t\t\t<\/div>\n\t\t\t\t<div class=\"elementor-element elementor-element-dab39be elementor-widget elementor-widget-heading\" data-id=\"dab39be\" data-element_type=\"widget\" data-e-type=\"widget\" data-widget_type=\"heading.default\">\n\t\t\t\t<div class=\"elementor-widget-container\">\n\t\t\t\t\t<h2 class=\"elementor-heading-title elementor-size-default\">Vielfalt und Inklusion, Diskriminierungsverbot <\/h2>\t\t\t\t<\/div>\n\t\t\t\t<\/div>\n\t\t\t\t<div class=\"elementor-element elementor-element-e4b88c1 elementor-widget elementor-widget-text-editor\" data-id=\"e4b88c1\" data-element_type=\"widget\" data-e-type=\"widget\" data-widget_type=\"text-editor.default\">\n\t\t\t\t<div class=\"elementor-widget-container\">\n\t\t\t\t\t\t\t\t\t<p>Wir sch\u00e4tzen die Vielfalt unserer Mitarbeiter und f\u00f6rdert eine Arbeitsumgebung, die Inklusion erm\u00f6glicht. Deshalb bekennt sich unser Unternehmen zur Chancengleichheit und lehnt jede Form von Diskriminierung und Ungleichbehandlung aufgrund von nationaler und ethnischer Abstammung, sozialer Herkunft, Gesundheitsstatus, Behinderung, sexueller Orientierung, Alter, Geschlecht, politischer Meinung, Religion oder Weltanschauung ab.<\/p><p>Unser Unternehmen lebt den Grundsatz der Gleichheit des Entgelts m\u00e4nnlicher und weiblicher\nArbeitskr\u00e4fte f\u00fcr gleichwertige Arbeit.<\/p>\t\t\t\t\t\t\t\t<\/div>\n\t\t\t\t<\/div>\n\t\t\t\t<div class=\"elementor-element elementor-element-e8b5265 elementor-widget elementor-widget-heading\" data-id=\"e8b5265\" data-element_type=\"widget\" data-e-type=\"widget\" data-widget_type=\"heading.default\">\n\t\t\t\t<div class=\"elementor-widget-container\">\n\t\t\t\t\t<h2 class=\"elementor-heading-title elementor-size-default\">Gesundheit und Sicherheit am Arbeitsplatz <\/h2>\t\t\t\t<\/div>\n\t\t\t\t<\/div>\n\t\t\t\t<div class=\"elementor-element elementor-element-2fe7eda elementor-widget elementor-widget-text-editor\" data-id=\"2fe7eda\" data-element_type=\"widget\" data-e-type=\"widget\" data-widget_type=\"text-editor.default\">\n\t\t\t\t<div class=\"elementor-widget-container\">\n\t\t\t\t\t\t\t\t\t<p>Wir beachten die nationalen und internationalen Arbeits- und Gesundheitsschutzstandards. Unser Unternehmen sorgt f\u00fcr ein sicheres und gesundheitsf\u00f6rderliches Arbeitsumfeld (vermeiden von Unf\u00e4llen, Verletzungen und arbeitsbedingten Erkrankungen), um die Sicherheit und Gesundheit seiner Mitarbeitenden und Dritter zu erhalten.<\/p>\t\t\t\t\t\t\t\t<\/div>\n\t\t\t\t<\/div>\n\t\t\t\t<\/div>\n\t\t\t\t\t<\/div>\n\t\t\t\t<\/div>\n\t\t\t\t<\/div>\n\t\t\t\t\t<\/div>\n\t\t\t\t<\/div>\n\t\t\t\t<\/div>","protected":false},"excerpt":{"rendered":"<p>What values we share within our community Version from 01\/08\/2024 Preambel Wavesense Dresden attaches great importance to sustainable and responsible business practices. Therefore, we encourage all suppliers and partners to commit themselves to common rules of doing business, which are set out below. Ethical \/ moral commitment and integrity We only pursue legal business objectives [&hellip;]<\/p>\n","protected":false},"author":1,"featured_media":0,"parent":0,"menu_order":10,"comment_status":"closed","ping_status":"closed","template":"elementor_header_footer","meta":{"footnotes":""},"class_list":["post-1003","page","type-page","status-publish","hentry"],"_links":{"self":[{"href":"https:\/\/wavesense-dd.de\/de\/wp-json\/wp\/v2\/pages\/1003"}],"collection":[{"href":"https:\/\/wavesense-dd.de\/de\/wp-json\/wp\/v2\/pages"}],"about":[{"href":"https:\/\/wavesense-dd.de\/de\/wp-json\/wp\/v2\/types\/page"}],"author":[{"embeddable":true,"href":"https:\/\/wavesense-dd.de\/de\/wp-json\/wp\/v2\/users\/1"}],"replies":[{"embeddable":true,"href":"https:\/\/wavesense-dd.de\/de\/wp-json\/wp\/v2\/comments?post=1003"}],"version-history":[{"count":30,"href":"https:\/\/wavesense-dd.de\/de\/wp-json\/wp\/v2\/pages\/1003\/revisions"}],"predecessor-version":[{"id":1132,"href":"https:\/\/wavesense-dd.de\/de\/wp-json\/wp\/v2\/pages\/1003\/revisions\/1132"}],"wp:attachment":[{"href":"https:\/\/wavesense-dd.de\/de\/wp-json\/wp\/v2\/media?parent=1003"}],"curies":[{"name":"wp","href":"https:\/\/api.w.org\/{rel}","templated":true}]}}